{"id":22305,"date":"2023-10-27T11:20:37","date_gmt":"2023-10-27T08:20:37","guid":{"rendered":"http:\/\/berrakmobilya.com\/urun\/berrak-walnut-coffee-table\/"},"modified":"2023-12-29T13:32:52","modified_gmt":"2023-12-29T10:32:52","slug":"berrak-walnut-coffee-table","status":"publish","type":"product","link":"https:\/\/berrakmobilya.com\/en\/urun\/berrak-walnut-coffee-table\/","title":{"rendered":"Berrak Walnut Coffee Table"},"content":{"rendered":"<div class=\"wpb-content-wrapper\"><p>[vc_row][vc_column][vc_column_text]<\/p>\n<h2>Special Square Cut Berrak Walnut Coffee Table<\/h2>\n<p>Berrak Ceviz Coffee Table is a square-cut coffee table with a modern design. Thanks to its walnut veneer, it has a warm appearance and creates a wonderful decorative effect in living spaces such as <a href=\"http:\/\/berrakmobilya.com\/oturma-gruruplari\/\"><strong>living room<\/strong><\/a> or lounge. . The large surface of the coffee table is ideal for daily use and offers enough space for your books, drinks and other belongings. The product is made of durable materials and offers long-lasting use. Berrak Coffee Table is a stylish piece of furniture that will fit into the modern and minimalist decor of your home.<\/p>\n<h3><strong>General Features<\/strong><\/h3>\n<ul>\n<li>Square cut top table,<\/li>\n<li>Walnut Veneered design,<\/li>\n<li>Stylish and modern appearance,<\/li>\n<li>Call us for your orders and questions.<\/li>\n<\/ul>\n<p>[\/vc_column_text][\/vc_column][\/vc_row][vc_row disable_element=&#8221;yes&#8221; mobile_bg_img_hidden=&#8221;no&#8221; tablet_bg_img_hidden=&#8221;no&#8221; woodmart_parallax=&#8221;0&#8243; woodmart_gradient_switch=&#8221;no&#8221; row_reverse_mobile=&#8221;0&#8243; row_reverse_tablet=&#8221;0&#8243; woodmart_disable_overflow=&#8221;0&#8243;][vc_column][vc_column_text text_larger=&#8221;no&#8221;]Merhaba! Ben Berrak Mobillya&#8217;den size sesleniyorum, ve sizi evinizi g\u00fczelle\u015ftirmenin heyecan\u0131yla tan\u0131\u015ft\u0131rmak istiyorum. \u00d6zellikle oturma odas\u0131 dekorasyonunun vazge\u00e7ilmez unsurlar\u0131ndan biri olan orta sehpa modellerimizle, ya\u015fam alan\u0131n\u0131za \u00f6zg\u00fcnl\u00fck ve \u015f\u0131kl\u0131k katmak i\u00e7in buraday\u0131z.<\/p>\n<p><strong>Estetik Tasar\u0131mlarla Evinize De\u011fer Kat\u0131n<\/strong><\/p>\n<p>Orta sehpa, evinizin odak noktalar\u0131ndan biri olabilir. Biz, bu odak noktay\u0131 belirginle\u015ftirmek ve ayn\u0131 zamanda i\u015flevselli\u011fi art\u0131rmak i\u00e7in \u00f6zenle tasarlanm\u0131\u015f sehpa koleksiyonlar\u0131m\u0131zla kar\u015f\u0131n\u0131zday\u0131z. Ah\u015fap, metal, cam gibi farkl\u0131 malzemeleri kullanarak sundu\u011fumuz \u00e7e\u015fitli modellerle, her tarza uygun bir se\u00e7enek sunuyoruz.<\/p>\n<p><strong>\u00d6zelle\u015ftirilebilir Se\u00e7eneklerle Kendi Tarz\u0131n\u0131z\u0131 Yarat\u0131n<\/strong><\/p>\n<p>Her evin atmosferi farkl\u0131d\u0131r, bu nedenle sehpa modellerimizi ki\u015fiselle\u015ftirmenize olanak tan\u0131yoruz. Farkl\u0131 renk, \u015fekil ve malzeme se\u00e7enekleri ile sehpan\u0131z\u0131 tamamen kendi tarz\u0131n\u0131za uygun hale getirebilirsiniz. Size \u00f6zel bir tasar\u0131m yaratmak, bizim i\u00e7in ayr\u0131 bir keyif ve sorumluluktur.<\/p>\n<p><strong>Dayan\u0131kl\u0131l\u0131k ve Kalite Garantisi<\/strong><\/p>\n<p>Berrak Mobillya olarak, mobilyalar\u0131m\u0131zda dayan\u0131kl\u0131l\u0131k ve kalite konusunda hassas bir yakla\u015f\u0131m benimsemekteyiz. Se\u00e7ti\u011fimiz malzemelerde kalite standartlar\u0131na uygunlu\u011fu sa\u011flayarak, her \u00fcr\u00fcn\u00fcm\u00fcz\u00fc uzun \u00f6m\u00fcrl\u00fc ve sa\u011flam bir \u015fekilde tasarlamaktay\u0131z. Orta sehpa koleksiyonlar\u0131m\u0131z, zarafeti ve sa\u011flaml\u0131\u011f\u0131 bir araya getirerek evinizi g\u00fc\u00e7lendiriyor.<\/p>\n<p><strong>H\u0131zl\u0131 ve G\u00fcvenilir Teslimat \u0130mkan\u0131<\/strong><\/p>\n<p>Sipari\u015f verdi\u011finizde, \u00fcr\u00fcnlerimizi en h\u0131zl\u0131 ve g\u00fcvenilir \u015fekilde size ula\u015ft\u0131rma taahh\u00fcd\u00fcm\u00fcz\u00fc sunuyoruz. Profesyonel teslimat ekibimiz, \u00fcr\u00fcnlerinizi \u00f6zenle ta\u015f\u0131yarak hasars\u0131z bir \u015fekilde evinize getirir. Bu a\u015famada size opsiyonel olarak sundu\u011fumuz montaj hizmeti, \u00fcr\u00fcnlerinizi kullanmaya haz\u0131r hale getirmenize yard\u0131mc\u0131 olur.<\/p>\n<p>Sehpa modellerimiz hakk\u0131nda daha fazla bilgi almak, koleksiyonlar\u0131m\u0131z\u0131 incelemek ve evinize \u00f6zel bir dokunu\u015f katmak i\u00e7in sizi ma\u011fazalar\u0131m\u0131za veya online platformumuza davet ediyoruz. Evinizdeki atmosferi g\u00fc\u00e7lendirmek i\u00e7in Berrak Mobillya&#8217;de size en iyi hizmeti sunmaktan mutluluk duyar\u0131z. Te\u015fekk\u00fcr ederiz ve sizleri ailemize kat\u0131lmaya davet ediyoruz![\/vc_column_text][\/vc_column][\/vc_row]<\/p>\n<\/div>","protected":false},"excerpt":{"rendered":"<p>[vc_row][vc_column][vc_column_text] Special Square Cut Berrak Walnut Coffee Table Berrak Ceviz Coffee Table is a square-cut coffee table with a modern<\/p>\n","protected":false},"featured_media":20332,"template":"","meta":[],"product_cat":[147],"product_tag":[313,318,314,280],"class_list":{"0":"post-22305","1":"product","2":"type-product","3":"status-publish","4":"has-post-thumbnail","6":"product_cat-coffee-tables","7":"product_tag-coffee-table","8":"product_tag-coffee-table-en","9":"product_tag-seating-group","10":"product_tag-walnut-coffee-table","12":"first","13":"outofstock","14":"shipping-taxable","15":"purchasable","16":"product-type-simple"},"yoast_head":"<!-- This site is optimized with the Yoast SEO plugin v24.1 - https:\/\/yoast.com\/wordpress\/plugins\/seo\/ -->\n<title>Berrak Walnut Coffee Table - Berrak Mobilya<\/title>\n<meta name=\"description\" content=\"Add an elegant touch to your living space with our coffee table models that combine elegance and functionality. The best quality coffee table designs...\" \/>\n<meta name=\"robots\" content=\"index, follow, max-snippet:-1, max-image-preview:large, max-video-preview:-1\" \/>\n<link rel=\"canonical\" href=\"https:\/\/berrakmobilya.com\/en\/urun\/berrak-walnut-coffee-table\/\" \/>\n<meta property=\"og:locale\" content=\"en_US\" \/>\n<meta property=\"og:type\" content=\"article\" \/>\n<meta property=\"og:title\" content=\"Berrak Walnut Coffee Table - Berrak Mobilya\" \/>\n<meta property=\"og:description\" content=\"Add an elegant touch to your living space with our coffee table models that combine elegance and functionality. The best quality coffee table designs...\" \/>\n<meta property=\"og:url\" content=\"https:\/\/berrakmobilya.com\/en\/urun\/berrak-walnut-coffee-table\/\" \/>\n<meta property=\"og:site_name\" content=\"Berrak Mobilya\" \/>\n<meta property=\"article:publisher\" content=\"https:\/\/www.facebook.com\/berrak.official\" \/>\n<meta property=\"article:modified_time\" content=\"2023-12-29T10:32:52+00:00\" \/>\n<meta property=\"og:image\" content=\"https:\/\/berrakmobilya.com\/wp-content\/uploads\/2023\/10\/Berrak-Kare-Orta-Sehpa.jpg\" \/>\n\t<meta property=\"og:image:width\" content=\"1033\" \/>\n\t<meta property=\"og:image:height\" content=\"640\" \/>\n\t<meta property=\"og:image:type\" content=\"image\/jpeg\" \/>\n<meta name=\"twitter:card\" content=\"summary_large_image\" \/>\n<meta name=\"twitter:label1\" content=\"Est. reading time\" \/>\n\t<meta name=\"twitter:data1\" content=\"3 minutes\" \/>\n<script type=\"application\/ld+json\" class=\"yoast-schema-graph\">{\"@context\":\"https:\/\/schema.org\",\"@graph\":[{\"@type\":\"WebPage\",\"@id\":\"https:\/\/berrakmobilya.com\/en\/urun\/berrak-walnut-coffee-table\/\",\"url\":\"https:\/\/berrakmobilya.com\/en\/urun\/berrak-walnut-coffee-table\/\",\"name\":\"Berrak Walnut Coffee Table - Berrak Mobilya\",\"isPartOf\":{\"@id\":\"https:\/\/berrakmobilya.com\/#website\"},\"primaryImageOfPage\":{\"@id\":\"https:\/\/berrakmobilya.com\/en\/urun\/berrak-walnut-coffee-table\/#primaryimage\"},\"image\":{\"@id\":\"https:\/\/berrakmobilya.com\/en\/urun\/berrak-walnut-coffee-table\/#primaryimage\"},\"thumbnailUrl\":\"https:\/\/berrakmobilya.com\/wp-content\/uploads\/2023\/10\/Berrak-Kare-Orta-Sehpa.jpg\",\"datePublished\":\"2023-10-27T08:20:37+00:00\",\"dateModified\":\"2023-12-29T10:32:52+00:00\",\"description\":\"Add an elegant touch to your living space with our coffee table models that combine elegance and functionality. The best quality coffee table designs...\",\"breadcrumb\":{\"@id\":\"https:\/\/berrakmobilya.com\/en\/urun\/berrak-walnut-coffee-table\/#breadcrumb\"},\"inLanguage\":\"en-US\",\"potentialAction\":[{\"@type\":\"ReadAction\",\"target\":[\"https:\/\/berrakmobilya.com\/en\/urun\/berrak-walnut-coffee-table\/\"]}]},{\"@type\":\"ImageObject\",\"inLanguage\":\"en-US\",\"@id\":\"https:\/\/berrakmobilya.com\/en\/urun\/berrak-walnut-coffee-table\/#primaryimage\",\"url\":\"https:\/\/berrakmobilya.com\/wp-content\/uploads\/2023\/10\/Berrak-Kare-Orta-Sehpa.jpg\",\"contentUrl\":\"https:\/\/berrakmobilya.com\/wp-content\/uploads\/2023\/10\/Berrak-Kare-Orta-Sehpa.jpg\",\"width\":1033,\"height\":640,\"caption\":\"Berrak-Kare-Orta-Sehpa.jpg\"},{\"@type\":\"BreadcrumbList\",\"@id\":\"https:\/\/berrakmobilya.com\/en\/urun\/berrak-walnut-coffee-table\/#breadcrumb\",\"itemListElement\":[{\"@type\":\"ListItem\",\"position\":1,\"name\":\"Anasayfa\",\"item\":\"https:\/\/berrakmobilya.com\/en\/\"},{\"@type\":\"ListItem\",\"position\":2,\"name\":\"Products\",\"item\":\"https:\/\/berrakmobilya.com\/en\/shop\/\"},{\"@type\":\"ListItem\",\"position\":3,\"name\":\"Berrak Walnut Coffee Table\"}]},{\"@type\":\"WebSite\",\"@id\":\"https:\/\/berrakmobilya.com\/#website\",\"url\":\"https:\/\/berrakmobilya.com\/\",\"name\":\"Berrak Mobilya\",\"description\":\"\",\"publisher\":{\"@id\":\"https:\/\/berrakmobilya.com\/#organization\"},\"potentialAction\":[{\"@type\":\"SearchAction\",\"target\":{\"@type\":\"EntryPoint\",\"urlTemplate\":\"https:\/\/berrakmobilya.com\/?s={search_term_string}\"},\"query-input\":{\"@type\":\"PropertyValueSpecification\",\"valueRequired\":true,\"valueName\":\"search_term_string\"}}],\"inLanguage\":\"en-US\"},{\"@type\":\"Organization\",\"@id\":\"https:\/\/berrakmobilya.com\/#organization\",\"name\":\"Berrak Mobilya\",\"url\":\"https:\/\/berrakmobilya.com\/\",\"logo\":{\"@type\":\"ImageObject\",\"inLanguage\":\"en-US\",\"@id\":\"https:\/\/berrakmobilya.com\/#\/schema\/logo\/image\/\",\"url\":\"http:\/\/berrakmobilya.com\/wp-content\/uploads\/2023\/10\/logo.png\",\"contentUrl\":\"http:\/\/berrakmobilya.com\/wp-content\/uploads\/2023\/10\/logo.png\",\"width\":3192,\"height\":1024,\"caption\":\"Berrak Mobilya\"},\"image\":{\"@id\":\"https:\/\/berrakmobilya.com\/#\/schema\/logo\/image\/\"},\"sameAs\":[\"https:\/\/www.facebook.com\/berrak.official\",\"https:\/\/www.youtube.com\/channel\/UCWOSdKyMA-ib9zE5gcA6Y4w\"]}]}<\/script>\n<!-- \/ Yoast SEO plugin. -->","yoast_head_json":{"title":"Berrak Walnut Coffee Table - Berrak Mobilya","description":"Add an elegant touch to your living space with our coffee table models that combine elegance and functionality. The best quality coffee table designs...","robots":{"index":"index","follow":"follow","max-snippet":"max-snippet:-1","max-image-preview":"max-image-preview:large","max-video-preview":"max-video-preview:-1"},"canonical":"https:\/\/berrakmobilya.com\/en\/urun\/berrak-walnut-coffee-table\/","og_locale":"en_US","og_type":"article","og_title":"Berrak Walnut Coffee Table - Berrak Mobilya","og_description":"Add an elegant touch to your living space with our coffee table models that combine elegance and functionality. The best quality coffee table designs...","og_url":"https:\/\/berrakmobilya.com\/en\/urun\/berrak-walnut-coffee-table\/","og_site_name":"Berrak Mobilya","article_publisher":"https:\/\/www.facebook.com\/berrak.official","article_modified_time":"2023-12-29T10:32:52+00:00","og_image":[{"width":1033,"height":640,"url":"https:\/\/berrakmobilya.com\/wp-content\/uploads\/2023\/10\/Berrak-Kare-Orta-Sehpa.jpg","type":"image\/jpeg"}],"twitter_card":"summary_large_image","twitter_misc":{"Est. reading time":"3 minutes"},"schema":{"@context":"https:\/\/schema.org","@graph":[{"@type":"WebPage","@id":"https:\/\/berrakmobilya.com\/en\/urun\/berrak-walnut-coffee-table\/","url":"https:\/\/berrakmobilya.com\/en\/urun\/berrak-walnut-coffee-table\/","name":"Berrak Walnut Coffee Table - Berrak Mobilya","isPartOf":{"@id":"https:\/\/berrakmobilya.com\/#website"},"primaryImageOfPage":{"@id":"https:\/\/berrakmobilya.com\/en\/urun\/berrak-walnut-coffee-table\/#primaryimage"},"image":{"@id":"https:\/\/berrakmobilya.com\/en\/urun\/berrak-walnut-coffee-table\/#primaryimage"},"thumbnailUrl":"https:\/\/berrakmobilya.com\/wp-content\/uploads\/2023\/10\/Berrak-Kare-Orta-Sehpa.jpg","datePublished":"2023-10-27T08:20:37+00:00","dateModified":"2023-12-29T10:32:52+00:00","description":"Add an elegant touch to your living space with our coffee table models that combine elegance and functionality. The best quality coffee table designs...","breadcrumb":{"@id":"https:\/\/berrakmobilya.com\/en\/urun\/berrak-walnut-coffee-table\/#breadcrumb"},"inLanguage":"en-US","potentialAction":[{"@type":"ReadAction","target":["https:\/\/berrakmobilya.com\/en\/urun\/berrak-walnut-coffee-table\/"]}]},{"@type":"ImageObject","inLanguage":"en-US","@id":"https:\/\/berrakmobilya.com\/en\/urun\/berrak-walnut-coffee-table\/#primaryimage","url":"https:\/\/berrakmobilya.com\/wp-content\/uploads\/2023\/10\/Berrak-Kare-Orta-Sehpa.jpg","contentUrl":"https:\/\/berrakmobilya.com\/wp-content\/uploads\/2023\/10\/Berrak-Kare-Orta-Sehpa.jpg","width":1033,"height":640,"caption":"Berrak-Kare-Orta-Sehpa.jpg"},{"@type":"BreadcrumbList","@id":"https:\/\/berrakmobilya.com\/en\/urun\/berrak-walnut-coffee-table\/#breadcrumb","itemListElement":[{"@type":"ListItem","position":1,"name":"Anasayfa","item":"https:\/\/berrakmobilya.com\/en\/"},{"@type":"ListItem","position":2,"name":"Products","item":"https:\/\/berrakmobilya.com\/en\/shop\/"},{"@type":"ListItem","position":3,"name":"Berrak Walnut Coffee Table"}]},{"@type":"WebSite","@id":"https:\/\/berrakmobilya.com\/#website","url":"https:\/\/berrakmobilya.com\/","name":"Berrak Mobilya","description":"","publisher":{"@id":"https:\/\/berrakmobilya.com\/#organization"},"potentialAction":[{"@type":"SearchAction","target":{"@type":"EntryPoint","urlTemplate":"https:\/\/berrakmobilya.com\/?s={search_term_string}"},"query-input":{"@type":"PropertyValueSpecification","valueRequired":true,"valueName":"search_term_string"}}],"inLanguage":"en-US"},{"@type":"Organization","@id":"https:\/\/berrakmobilya.com\/#organization","name":"Berrak Mobilya","url":"https:\/\/berrakmobilya.com\/","logo":{"@type":"ImageObject","inLanguage":"en-US","@id":"https:\/\/berrakmobilya.com\/#\/schema\/logo\/image\/","url":"http:\/\/berrakmobilya.com\/wp-content\/uploads\/2023\/10\/logo.png","contentUrl":"http:\/\/berrakmobilya.com\/wp-content\/uploads\/2023\/10\/logo.png","width":3192,"height":1024,"caption":"Berrak Mobilya"},"image":{"@id":"https:\/\/berrakmobilya.com\/#\/schema\/logo\/image\/"},"sameAs":["https:\/\/www.facebook.com\/berrak.official","https:\/\/www.youtube.com\/channel\/UCWOSdKyMA-ib9zE5gcA6Y4w"]}]}},"_links":{"self":[{"href":"https:\/\/berrakmobilya.com\/en\/wp-json\/wp\/v2\/product\/22305"}],"collection":[{"href":"https:\/\/berrakmobilya.com\/en\/wp-json\/wp\/v2\/product"}],"about":[{"href":"https:\/\/berrakmobilya.com\/en\/wp-json\/wp\/v2\/types\/product"}],"wp:featuredmedia":[{"embeddable":true,"href":"https:\/\/berrakmobilya.com\/en\/wp-json\/wp\/v2\/media\/20332"}],"wp:attachment":[{"href":"https:\/\/berrakmobilya.com\/en\/wp-json\/wp\/v2\/media?parent=22305"}],"wp:term":[{"taxonomy":"product_cat","embeddable":true,"href":"https:\/\/berrakmobilya.com\/en\/wp-json\/wp\/v2\/product_cat?post=22305"},{"taxonomy":"product_tag","embeddable":true,"href":"https:\/\/berrakmobilya.com\/en\/wp-json\/wp\/v2\/product_tag?post=22305"}],"curies":[{"name":"wp","href":"https:\/\/api.w.org\/{rel}","templated":true}]}}